{"id":2426,"date":"2023-08-04T11:44:48","date_gmt":"2023-08-04T09:44:48","guid":{"rendered":"https:\/\/www.nathaliechaulaic.com\/demande-dinformation-copie\/"},"modified":"2023-08-04T12:02:04","modified_gmt":"2023-08-04T10:02:04","slug":"special-requests","status":"publish","type":"page","link":"https:\/\/www.nathaliechaulaic.com\/en\/special-requests\/","title":{"rendered":"Special Requests"},"content":{"rendered":"<p><div class=\"fusion-fullwidth fullwidth-box fusion-builder-row-1 fusion-flex-container has-pattern-background has-mask-background nonhundred-percent-fullwidth non-hundred-percent-height-scrolling\" style=\"--awb-border-radius-top-left:0px;--awb-border-radius-top-right:0px;--awb-border-radius-bottom-right:0px;--awb-border-radius-bottom-left:0px;--awb-padding-top:50px;--awb-padding-bottom:0px;--awb-flex-wrap:wrap;\" ><div class=\"fusion-builder-row fusion-row fusion-flex-align-items-flex-start fusion-flex-content-wrap\" style=\"max-width:83.2%;margin-left: calc(-4% \/ 2 );margin-right: calc(-4% \/ 2 );\"><div class=\"fusion-layout-column fusion_builder_column fusion-builder-column-0 fusion-flex-column\" style=\"--awb-bg-size:cover;--awb-width-large:15%;--awb-margin-top-large:20px;--awb-spacing-right-large:0%;--awb-margin-bottom-large:20px;--awb-spacing-left-large:12.8%;--awb-width-medium:100%;--awb-order-medium:0;--awb-spacing-right-medium:1.92%;--awb-spacing-left-medium:1.92%;--awb-width-small:100%;--awb-order-small:0;--awb-spacing-right-small:1.92%;--awb-spacing-left-small:1.92%;\"><div class=\"fusion-column-wrapper fusion-column-has-shadow fusion-flex-justify-content-flex-start fusion-content-layout-column\"><\/div><\/div><div class=\"fusion-layout-column fusion_builder_column fusion-builder-column-1 fusion-flex-column fusion-animated centered-div\" style=\"--awb-padding-top:10%;--awb-padding-right:10%;--awb-padding-bottom:10%;--awb-padding-left:10%;--awb-bg-color:#181818;--awb-bg-color-hover:#181818;--awb-bg-image:url(&#039;https:\/\/www.nathaliechaulaic.com\/wp-content\/uploads\/2020\/05\/bg-projet.jpg&#039;);--awb-bg-position:center center;--awb-bg-size:cover;--awb-width-large:70%;--awb-margin-top-large:20px;--awb-spacing-right-large:0%;--awb-margin-bottom-large:20px;--awb-spacing-left-large:0%;--awb-width-medium:100%;--awb-spacing-right-medium:1.92%;--awb-spacing-left-medium:1.92%;--awb-width-small:100%;--awb-spacing-right-small:1.92%;--awb-spacing-left-small:1.92%;\" data-animationtype=\"zoomIn\" data-animationduration=\"0.8\" data-animationoffset=\"top-into-view\"><div class=\"fusion-column-wrapper fusion-column-has-shadow fusion-flex-justify-content-center fusion-content-layout-column fusion-column-has-bg-image\" data-bg-url=\"https:\/\/www.nathaliechaulaic.com\/wp-content\/uploads\/2020\/05\/bg-projet.jpg\"><div><button data-tf-popup=\"vbQjVoH5\" data-tf-opacity=\"100\" data-tf-hide-headers data-tf-size=\"100\" data-tf-iframe-props=\"title=Demande de devis\" data-tf-open=\"load\" data-tf-transitive-search-params data-tf-medium=\"snippet\" style=\"all:unset;font-family:Helvetica,Arial,sans-serif;display:inline-block;max-width:100%;white-space:nowrap;overflow:hidden;text-overflow:ellipsis;color:#fff;font-size: 20px;border-radius:0px;padding:0 33px;font-weight: 600;height:50px;cursor:pointer;line-height:50px;text-align:center;margin:0;text-decoration:none;border: 2px solid white;width: 250px;\">Special request<\/button><script src=\"\/\/embed.typeform.com\/next\/embed.js\"><\/script><\/div><\/div><\/div><div class=\"fusion-layout-column fusion_builder_column fusion-builder-column-2 fusion-flex-column\" style=\"--awb-bg-size:cover;--awb-width-large:15%;--awb-margin-top-large:20px;--awb-spacing-right-large:12.8%;--awb-margin-bottom-large:20px;--awb-spacing-left-large:0%;--awb-width-medium:100%;--awb-order-medium:0;--awb-spacing-right-medium:1.92%;--awb-spacing-left-medium:1.92%;--awb-width-small:100%;--awb-order-small:0;--awb-spacing-right-small:1.92%;--awb-spacing-left-small:1.92%;\"><div class=\"fusion-column-wrapper fusion-column-has-shadow fusion-flex-justify-content-flex-start fusion-content-layout-column\"><\/div><\/div><\/div><\/div><div class=\"fusion-fullwidth fullwidth-box fusion-builder-row-2 fusion-flex-container nonhundred-percent-fullwidth non-hundred-percent-height-scrolling\" style=\"--awb-border-radius-top-left:0px;--awb-border-radius-top-right:0px;--awb-border-radius-bottom-right:0px;--awb-border-radius-bottom-left:0px;--awb-flex-wrap:wrap;\" ><div class=\"fusion-builder-row fusion-row fusion-flex-align-items-flex-start fusion-flex-content-wrap\" style=\"max-width:83.2%;margin-left: calc(-4% \/ 2 );margin-right: calc(-4% \/ 2 );\"><div class=\"fusion-layout-column fusion_builder_column fusion-builder-column-3 fusion_builder_column_1_1 1_1 fusion-flex-column\" style=\"--awb-bg-size:cover;--awb-width-large:100%;--awb-margin-top-large:20px;--awb-spacing-right-large:1.92%;--awb-margin-bottom-large:20px;--awb-spacing-left-large:1.92%;--awb-width-medium:100%;--awb-order-medium:0;--awb-spacing-right-medium:1.92%;--awb-spacing-left-medium:1.92%;--awb-width-small:100%;--awb-order-small:0;--awb-spacing-right-small:1.92%;--awb-spacing-left-small:1.92%;\"><div class=\"fusion-column-wrapper fusion-column-has-shadow fusion-flex-justify-content-flex-start fusion-content-layout-column\"><div class=\"fusion-separator\" style=\"align-self: flex-start;margin-right:auto;margin-top:5px;margin-bottom:5px;width:100%;max-width:32px;\"><div class=\"fusion-separator-border sep-single sep-solid\" style=\"--awb-height:20px;--awb-amount:20px;--awb-sep-color:rgba(255,255,255,0);border-color:rgba(255,255,255,0);border-top-width:1px;\"><\/div><\/div><\/div><\/div><\/div><\/div><\/p>","protected":false},"excerpt":{"rendered":"","protected":false},"author":2,"featured_media":0,"parent":0,"menu_order":0,"comment_status":"closed","ping_status":"closed","template":"100-width.php","meta":{"footnotes":""},"class_list":["post-2426","page","type-page","status-publish","hentry"],"yoast_head":"<!-- This site is optimized with the Yoast SEO plugin v26.9 - https:\/\/yoast.com\/product\/yoast-seo-wordpress\/ -->\n<title>Demande de devis Nathalie Chaulaic | Artiste Mosa\u00efste<\/title>\n<meta name=\"description\" content=\"Demandez un devis personnalis\u00e9 \u00e0 Nathalie Chaulaic, membre des Ateliers d&#039;Art de France, elle con\u00e7oit des oeuvres artistiques contemporaines.\" \/>\n<meta name=\"robots\" content=\"noindex, follow\" \/>\n<meta property=\"og:locale\" content=\"en_GB\" \/>\n<meta property=\"og:type\" content=\"article\" \/>\n<meta property=\"og:title\" content=\"Demande de devis Nathalie Chaulaic | Artiste Mosa\u00efste\" \/>\n<meta property=\"og:description\" content=\"Demandez un devis personnalis\u00e9 \u00e0 Nathalie Chaulaic, membre des Ateliers d&#039;Art de France, elle con\u00e7oit des oeuvres artistiques contemporaines.\" \/>\n<meta property=\"og:url\" content=\"https:\/\/www.nathaliechaulaic.com\/en\/special-requests\/\" \/>\n<meta property=\"og:site_name\" content=\"Nathalie Chaulaic\" \/>\n<meta property=\"article:modified_time\" content=\"2023-08-04T10:02:04+00:00\" \/>\n<meta name=\"twitter:card\" content=\"summary_large_image\" \/>\n<meta name=\"twitter:label1\" content=\"Estimated reading time\" \/>\n\t<meta name=\"twitter:data1\" content=\"3 minutes\" \/>\n<script type=\"application\/ld+json\" class=\"yoast-schema-graph\">{\"@context\":\"https:\/\/schema.org\",\"@graph\":[{\"@type\":\"WebPage\",\"@id\":\"https:\/\/www.nathaliechaulaic.com\/special-requests\/\",\"url\":\"https:\/\/www.nathaliechaulaic.com\/special-requests\/\",\"name\":\"Demande de devis Nathalie Chaulaic | Artiste Mosa\u00efste\",\"isPartOf\":{\"@id\":\"https:\/\/www.nathaliechaulaic.com\/#website\"},\"datePublished\":\"2023-08-04T09:44:48+00:00\",\"dateModified\":\"2023-08-04T10:02:04+00:00\",\"description\":\"Demandez un devis personnalis\u00e9 \u00e0 Nathalie Chaulaic, membre des Ateliers d'Art de France, elle con\u00e7oit des oeuvres artistiques contemporaines.\",\"breadcrumb\":{\"@id\":\"https:\/\/www.nathaliechaulaic.com\/special-requests\/#breadcrumb\"},\"inLanguage\":\"en-GB\",\"potentialAction\":[{\"@type\":\"ReadAction\",\"target\":[\"https:\/\/www.nathaliechaulaic.com\/special-requests\/\"]}]},{\"@type\":\"BreadcrumbList\",\"@id\":\"https:\/\/www.nathaliechaulaic.com\/special-requests\/#breadcrumb\",\"itemListElement\":[{\"@type\":\"ListItem\",\"position\":1,\"name\":\"Accueil\",\"item\":\"https:\/\/www.nathaliechaulaic.com\/\"},{\"@type\":\"ListItem\",\"position\":2,\"name\":\"Special Requests\"}]},{\"@type\":\"WebSite\",\"@id\":\"https:\/\/www.nathaliechaulaic.com\/#website\",\"url\":\"https:\/\/www.nathaliechaulaic.com\/\",\"name\":\"Nathalie Chaulaic\",\"description\":\"\",\"potentialAction\":[{\"@type\":\"SearchAction\",\"target\":{\"@type\":\"EntryPoint\",\"urlTemplate\":\"https:\/\/www.nathaliechaulaic.com\/?s={search_term_string}\"},\"query-input\":{\"@type\":\"PropertyValueSpecification\",\"valueRequired\":true,\"valueName\":\"search_term_string\"}}],\"inLanguage\":\"en-GB\"}]}<\/script>\n<!-- \/ Yoast SEO plugin. -->","yoast_head_json":{"title":"Demande de devis Nathalie Chaulaic | Artiste Mosa\u00efste","description":"Demandez un devis personnalis\u00e9 \u00e0 Nathalie Chaulaic, membre des Ateliers d'Art de France, elle con\u00e7oit des oeuvres artistiques contemporaines.","robots":{"index":"noindex","follow":"follow"},"og_locale":"en_GB","og_type":"article","og_title":"Demande de devis Nathalie Chaulaic | Artiste Mosa\u00efste","og_description":"Demandez un devis personnalis\u00e9 \u00e0 Nathalie Chaulaic, membre des Ateliers d'Art de France, elle con\u00e7oit des oeuvres artistiques contemporaines.","og_url":"https:\/\/www.nathaliechaulaic.com\/en\/special-requests\/","og_site_name":"Nathalie Chaulaic","article_modified_time":"2023-08-04T10:02:04+00:00","twitter_card":"summary_large_image","twitter_misc":{"Estimated reading time":"3 minutes"},"schema":{"@context":"https:\/\/schema.org","@graph":[{"@type":"WebPage","@id":"https:\/\/www.nathaliechaulaic.com\/special-requests\/","url":"https:\/\/www.nathaliechaulaic.com\/special-requests\/","name":"Demande de devis Nathalie Chaulaic | Artiste Mosa\u00efste","isPartOf":{"@id":"https:\/\/www.nathaliechaulaic.com\/#website"},"datePublished":"2023-08-04T09:44:48+00:00","dateModified":"2023-08-04T10:02:04+00:00","description":"Demandez un devis personnalis\u00e9 \u00e0 Nathalie Chaulaic, membre des Ateliers d'Art de France, elle con\u00e7oit des oeuvres artistiques contemporaines.","breadcrumb":{"@id":"https:\/\/www.nathaliechaulaic.com\/special-requests\/#breadcrumb"},"inLanguage":"en-GB","potentialAction":[{"@type":"ReadAction","target":["https:\/\/www.nathaliechaulaic.com\/special-requests\/"]}]},{"@type":"BreadcrumbList","@id":"https:\/\/www.nathaliechaulaic.com\/special-requests\/#breadcrumb","itemListElement":[{"@type":"ListItem","position":1,"name":"Accueil","item":"https:\/\/www.nathaliechaulaic.com\/"},{"@type":"ListItem","position":2,"name":"Special Requests"}]},{"@type":"WebSite","@id":"https:\/\/www.nathaliechaulaic.com\/#website","url":"https:\/\/www.nathaliechaulaic.com\/","name":"Nathalie Chaulaic","description":"","potentialAction":[{"@type":"SearchAction","target":{"@type":"EntryPoint","urlTemplate":"https:\/\/www.nathaliechaulaic.com\/?s={search_term_string}"},"query-input":{"@type":"PropertyValueSpecification","valueRequired":true,"valueName":"search_term_string"}}],"inLanguage":"en-GB"}]}},"_links":{"self":[{"href":"https:\/\/www.nathaliechaulaic.com\/en\/wp-json\/wp\/v2\/pages\/2426","targetHints":{"allow":["GET"]}}],"collection":[{"href":"https:\/\/www.nathaliechaulaic.com\/en\/wp-json\/wp\/v2\/pages"}],"about":[{"href":"https:\/\/www.nathaliechaulaic.com\/en\/wp-json\/wp\/v2\/types\/page"}],"author":[{"embeddable":true,"href":"https:\/\/www.nathaliechaulaic.com\/en\/wp-json\/wp\/v2\/users\/2"}],"replies":[{"embeddable":true,"href":"https:\/\/www.nathaliechaulaic.com\/en\/wp-json\/wp\/v2\/comments?post=2426"}],"version-history":[{"count":5,"href":"https:\/\/www.nathaliechaulaic.com\/en\/wp-json\/wp\/v2\/pages\/2426\/revisions"}],"predecessor-version":[{"id":2431,"href":"https:\/\/www.nathaliechaulaic.com\/en\/wp-json\/wp\/v2\/pages\/2426\/revisions\/2431"}],"wp:attachment":[{"href":"https:\/\/www.nathaliechaulaic.com\/en\/wp-json\/wp\/v2\/media?parent=2426"}],"curies":[{"name":"wp","href":"https:\/\/api.w.org\/{rel}","templated":true}]}}