{"id":1873,"date":"2020-05-27T15:54:30","date_gmt":"2020-05-27T13:54:30","guid":{"rendered":"https:\/\/www.nathaliechaulaic.com\/?page_id=1873"},"modified":"2020-07-22T16:26:52","modified_gmt":"2020-07-22T14:26:52","slug":"mentions-legales","status":"publish","type":"page","link":"https:\/\/www.nathaliechaulaic.com\/en\/legal-notices\/","title":{"rendered":"Legal notices"},"content":{"rendered":"<div class=\"fusion-fullwidth fullwidth-box fusion-builder-row-1 hundred-percent-fullwidth non-hundred-percent-height-scrolling\" style=\"--awb-border-radius-top-left:0px;--awb-border-radius-top-right:0px;--awb-border-radius-bottom-right:0px;--awb-border-radius-bottom-left:0px;--awb-padding-right:5%;--awb-padding-left:5%;--awb-flex-wrap:wrap;\" ><div class=\"fusion-builder-row fusion-row\"><div class=\"fusion-layout-column fusion_builder_column fusion-builder-column-0 fusion_builder_column_1_1 1_1 fusion-one-full fusion-column-first fusion-column-last\" style=\"--awb-bg-size:cover;--awb-margin-top:71px;--awb-margin-bottom:41px;\"><div class=\"fusion-column-wrapper fusion-column-has-shadow fusion-flex-column-wrapper-legacy\"><div class=\"fusion-text fusion-text-1\"><p style=\"text-align: center;\"><b><span data-contrast=\"none\">GENERAL INFORMATION<\/span><\/b><span data-ccp-props=\"{\">\u00a0<\/span><\/p>\n<p style=\"text-align: center;\" class=\"translation-block\"><span data-contrast=\"none\">The website \u00ab<\/span><span data-contrast=\"none\">\u00a0nathaliechaulaic.com\u00a0<\/span><span data-contrast=\"none\">\u00bb is the property of\u00a0<\/span><span data-contrast=\"none\">Nathalie\u00a0<\/span><span data-contrast=\"none\">Chaulaic<\/span><span data-contrast=\"none\">\u00a0mosaic artist<\/span><span data-ccp-props=\"{\">\u00a0<\/span><\/p>\n<p style=\"text-align: center;\"><span data-contrast=\"none\">SIRET :\u00a0<\/span><span data-contrast=\"none\">487<\/span><span data-contrast=\"none\">\u00a0<\/span><span data-contrast=\"none\">614<\/span><span data-contrast=\"none\">\u00a0<\/span><span data-contrast=\"none\">810<\/span><span data-contrast=\"none\">\u00a000017<\/span><br \/>\n<span data-contrast=\"none\">Code APE\u202f: 9003B<\/span><br \/>\n<span data-contrast=\"none\">N\u00b0MDA\u202f: C651240<\/span><br \/>\n<span data-contrast=\"none\">Tel : 06\u00a0<\/span><span data-contrast=\"none\">86<\/span><span data-contrast=\"none\">\u00a0<\/span><span data-contrast=\"none\">26<\/span><span data-contrast=\"none\">\u00a0<\/span><span data-contrast=\"none\">67<\/span><span data-contrast=\"none\">\u00a0<\/span><span data-contrast=\"none\">34<\/span><br \/>\n<span data-contrast=\"none\">Email\u202f: mosaique@nathaliechaulaic.com<\/span><br \/>\n<span data-contrast=\"none\">La\u00a0<\/span><span data-contrast=\"none\">Miejeanne<\/span><br \/>\n<span data-contrast=\"none\">31560<\/span><span data-contrast=\"none\">\u00a0<\/span><span data-contrast=\"none\">Saint-L\u00e9on<\/span><span data-ccp-props=\"{\">\u00a0<\/span><\/p>\n<p style=\"text-align: center;\"><span data-contrast=\"none\">\u202f<\/span><span data-ccp-props=\"{\">\u00a0<\/span><\/p>\n<p style=\"text-align: center;\"><b><span data-contrast=\"none\">WEB PUBLISHING AND HOSTING<\/span><\/b><span data-ccp-props=\"{\">\u00a0<\/span><\/p>\n<p style=\"text-align: center;\"><span data-contrast=\"none\">You are currently connected to the website www.<\/span><span data-contrast=\"none\">nathaliechaulaic<\/span><span data-contrast=\"none\">.com<\/span><br \/>\n<span data-contrast=\"none\">A WordPress-based site\u00a0<\/span><span data-contrast=\"none\">built<\/span><span data-contrast=\"none\">\u00a0by\u00a0<\/span><span data-contrast=\"none\">SAS\u00a0<\/span><span data-contrast=\"none\">Coffee-Marketing (digital marketing agency) and hosted by OVH<\/span><span data-contrast=\"none\">.<\/span><br \/>\n<span data-contrast=\"none\">OVH<\/span><br \/>\n<span data-contrast=\"none\">2 rue Kellermann<\/span><br \/>\n<span data-contrast=\"none\">59100 ROUBAIX<\/span><br \/>\n<span data-contrast=\"none\">+41 22 820 35 44<\/span><span data-ccp-props=\"{\">\u00a0<\/span><\/p>\n<p style=\"text-align: center;\"><span data-contrast=\"none\">\u202f<\/span><span data-ccp-props=\"{\">\u00a0<\/span><\/p>\n<p style=\"text-align: center;\"><b><span data-contrast=\"none\">DATA PROTECTION<\/span><\/b><span data-ccp-props=\"{\">\u00a0<\/span><\/p>\n<p style=\"text-align: center;\"><span data-contrast=\"none\">You have the right to access, modify, correct and delete your personal information (French Data Protection Act of 6 January 1978). You can exercise this right by writing to :<\/span><br \/>\n<span data-contrast=\"none\">Nathalie\u00a0<\/span><span data-contrast=\"none\">Chaulaic<\/span><br \/>\n<span data-contrast=\"none\">La\u00a0<\/span><span data-contrast=\"none\">Miejeanne<\/span><br \/>\n<span data-contrast=\"none\">31560<\/span><span data-contrast=\"none\">\u00a0<\/span><span data-contrast=\"none\">Saint-L\u00e9on<\/span><span data-ccp-props=\"{\">\u00a0<\/span><\/p>\n<p style=\"text-align: center;\"><span data-contrast=\"none\">\u202f<\/span><span data-ccp-props=\"{\">\u00a0<\/span><\/p>\n<p style=\"text-align: center;\"><b><span data-contrast=\"none\">COPYRIGHT AND INTELLECTUAL PROPERTY<\/span><\/b><span data-ccp-props=\"{\">\u00a0<\/span><\/p>\n<p style=\"text-align: center;\"><span data-contrast=\"none\">The entire website is protected by French and international legislation governing copyright and intellectual property. All reproduction rights are reserved, including those protecting documents available to download, and iconographic and photographic documents. Any reproduction of texts on this site on paper or electronically is authorized, in particular for educational or advertising purposes, subject to complying with the following three conditions:<\/span><br \/>\n<span data-contrast=\"none\">distribution is free of charge; the integrity of the documents reproduced is respected, which means no modification or alteration whatsoever; the source is clearly and legibly cited in the following form, for example: \u201cThis document is reproduced from the website\u00a0<\/span><span data-contrast=\"none\">nathaliechaulaic<\/span><span data-contrast=\"none\">.com : http<\/span><span data-contrast=\"none\">s<\/span><span data-contrast=\"none\">:\/\/www.<\/span><span data-contrast=\"none\">nathaliechaulaic<\/span><span data-contrast=\"none\">.com All reproduction rights are reserved and strictly limited. The website address www.<\/span><span data-contrast=\"none\">nathaliechaulaic<\/span><span data-contrast=\"none\">.com must be included in the reference.<\/span><br \/>\n<span data-contrast=\"none\">With the exception of the provisions given above, the reproduction, showing, adaptation and in general the use in any form whatsoever of all or part of the elements contained in this website without the written consent of\u00a0<\/span><span data-contrast=\"none\">Nathalie\u00a0<\/span><span data-contrast=\"none\">Chaulaic<\/span><span data-contrast=\"none\">\u00a0mosaic artist<\/span><span data-contrast=\"none\">\u00a0shall constitute an infringement of intellectual property rights punishable by France\u2019s Intellectual Property Code. Any trademarks (brand names and logos) and any other distinctive sign that appear on this website are the property of\u00a0<\/span><span data-contrast=\"none\">Nathalie\u00a0<\/span><span data-contrast=\"none\">Chaulaic<\/span><span data-contrast=\"none\">\u00a0mosaic artist<\/span><span data-contrast=\"none\">\u00a0or partner brands that agreed\u00a0<\/span><span data-contrast=\"none\">to\u00a0<\/span><span data-contrast=\"none\">Nathalie\u00a0<\/span><span data-contrast=\"none\">Chaulaic<\/span><span data-contrast=\"none\">\u00a0mosaic artist<\/span><span data-contrast=\"none\">\u00a0representing their products. Consequently, any reproduction and\/or showing, and any use of these distinctive signs is therefore prohibited, unless authorized in writing by the holder of their intellectual property rights.<\/span><span data-contrast=\"none\">\u00a0Nathalie\u00a0<\/span><span data-contrast=\"none\">Chaulaic<\/span><span data-contrast=\"none\">\u00a0mosaic artist is a member of ADAGP (French Society of Artists in the Graphic and Visual Arts) which manages copyright.<\/span><span data-ccp-props=\"{\">\u00a0<\/span><\/p>\n<p style=\"text-align: center;\"><span data-contrast=\"none\">Photo credits on the website www.nathaliechaulaic.com: Sophie\u00a0<\/span><span data-contrast=\"none\">Chaulaic<\/span><span data-contrast=\"none\">,\u00a0<\/span><span data-contrast=\"none\">Absolut<\/span><span data-contrast=\"none\">\u00a0Mosa\u00efque, Vincent\u00a0<\/span><span data-contrast=\"none\">Baldensperger<\/span><span data-contrast=\"none\">,\u00a0<\/span><span data-contrast=\"none\">Belmond<\/span><span data-contrast=\"none\">\u00a0et Gilles\u00a0<\/span><span data-contrast=\"none\">Leimdorfer<\/span><span data-ccp-props=\"{\">\u00a0<\/span><\/p>\n<p style=\"text-align: center;\"><span data-ccp-props=\"{\">\u00a0<\/span><\/p>\n<p style=\"text-align: center;\"><b><span data-contrast=\"none\">COOKIES<\/span><\/b><span data-ccp-props=\"{\">\u00a0<\/span><\/p>\n<p style=\"text-align: center;\"><span data-contrast=\"none\">To improve or personalize your experience when navigating on this website, cookies may be stored on your computer. You can change your browser settings to refuse these cookies.<\/span><span data-ccp-props=\"{\">\u00a0<\/span><\/p>\n<p style=\"text-align: center;\"><span data-ccp-props=\"{\">\u00a0<\/span><\/p>\n<p style=\"text-align: center;\"><b><span data-contrast=\"none\">HYPERTEXT LINKS<\/span><\/b><span data-ccp-props=\"{\">\u00a0<\/span><\/p>\n<p style=\"text-align: center;\"><span data-contrast=\"none\">Nathalie\u00a0<\/span><span data-contrast=\"none\">Chaulaic<\/span><span data-contrast=\"none\">\u00a0mosaic artist<\/span><span data-contrast=\"none\">\u00a0disclaims liability<\/span><span data-contrast=\"none\">e<\/span><span data-contrast=\"none\">\u00a0for the external hypertext links featuring in this website and the content, data, products and information of the sites to which they point. In particular,\u00a0<\/span><span data-contrast=\"none\">Nathalie\u00a0<\/span><span data-contrast=\"none\">Chaulaic<\/span><span data-contrast=\"none\">\u00a0mosaic artist<\/span><span data-contrast=\"none\">\u00a0disclaims liability for any site whose data does not comply with prevailing legal provisions.<\/span><span data-ccp-props=\"{\">\u00a0<\/span><\/p>\n<p style=\"text-align: center;\"><span data-contrast=\"none\">\u202f<\/span><span data-ccp-props=\"{\">\u00a0<\/span><\/p>\n<p style=\"text-align: center;\"><b><span data-contrast=\"none\">APPLICABLE LAW - SETTLEMENT OF DISPUTES<\/span><\/b><span data-ccp-props=\"{\">\u00a0<\/span><\/p>\n<p style=\"text-align: center;\"><span data-contrast=\"none\">These legal statements are governed by French law. In case of dispute, French courts will have jurisdiction.<\/span><span data-ccp-props=\"{\">\u00a0<\/span><\/p>\n<p style=\"text-align: center;\"><span data-contrast=\"none\">\u202f<\/span><span data-ccp-props=\"{\">\u00a0<\/span><\/p>\n<p style=\"text-align: center;\"><b><span data-contrast=\"none\">PRICES AND PAYMENTS<\/span><\/b><span data-ccp-props=\"{\">\u00a0<\/span><\/p>\n<p style=\"text-align: center;\"><span data-contrast=\"none\">Prices shown are intended as a guide. A customer is free to accept or refuse the prices quoted and is under no obligation to purchase.<\/span><span data-ccp-props=\"{\">\u00a0<\/span><\/p>\n<p style=\"text-align: center;\"><span data-contrast=\"none\">\u202f<\/span><span data-ccp-props=\"{\">\u00a0<\/span><\/p>\n<p style=\"text-align: center;\"><b><span data-contrast=\"none\">WEBSITE DESIGNED BY<\/span><\/b><span data-ccp-props=\"{\">\u00a0<\/span><\/p>\n<p style=\"text-align: center;\"><span data-contrast=\"none\">SAS<\/span><span data-contrast=\"none\">\u00a0Coffee-Marketing \u00a9 20<\/span><span data-contrast=\"none\">20<\/span><br \/>\n<span data-contrast=\"none\">1 RUE MONTAIGNE 06400 CANNES<\/span><br \/>\n<span data-contrast=\"none\">Tel : +33 (0)4\u00a0<\/span><span data-contrast=\"none\">93<\/span><span data-contrast=\"none\">\u00a0<\/span><span data-contrast=\"none\">39 87 13<\/span><br \/>\n<a href=\"https:\/\/www.coffee-marketing.fr\/\" target=\"_blank\" rel=\"noopener noreferrer\">www.coffee-marketing.fr<\/a><br \/>\n<span data-contrast=\"none\">contact@coffee-marketing.fr<\/span><br \/>\n<span data-contrast=\"none\">APE\u202f: 7021Z<\/span><br \/>\n<span data-contrast=\"none\">SIRET :\u202f804 128 601<\/span><span data-contrast=\"none\">\u202f<\/span><span data-contrast=\"none\">000<\/span><span data-contrast=\"none\">31<\/span><span data-ccp-props=\"{\">\u00a0<\/span><\/p>\n<p style=\"text-align: center;\"><span data-ccp-props=\"{\">\u00a0<\/span><\/p>\n<\/div><div class=\"fusion-clearfix\"><\/div><\/div><\/div><\/div><\/div>","protected":false},"excerpt":{"rendered":"","protected":false},"author":1,"featured_media":0,"parent":0,"menu_order":0,"comment_status":"closed","ping_status":"closed","template":"100-width.php","meta":{"footnotes":""},"class_list":["post-1873","page","type-page","status-publish","hentry"],"yoast_head":"<!-- This site is optimized with the Yoast SEO plugin v26.9 - https:\/\/yoast.com\/product\/yoast-seo-wordpress\/ -->\n<title>Mentions L\u00e9gales | Nathalie Chaulaic, Artiste Mosa\u00efste en Haute-Garonne<\/title>\n<meta name=\"description\" content=\"Nathalie Chaulaic Artiste Mosa\u00efste, La Miejeanne 31560 SAINT-LEON. Ce site web appartient \u00e0 Nathalie Chaulaic Artiste mosa\u00efste. SIRET 487 614 810 00017\" \/>\n<meta name=\"robots\" content=\"index, follow, max-snippet:-1, max-image-preview:large, max-video-preview:-1\" \/>\n<link rel=\"canonical\" href=\"https:\/\/www.nathaliechaulaic.com\/en\/mentions-legales\/\" \/>\n<meta property=\"og:locale\" content=\"en_GB\" \/>\n<meta property=\"og:type\" content=\"article\" \/>\n<meta property=\"og:title\" content=\"Mentions L\u00e9gales | Nathalie Chaulaic, Artiste Mosa\u00efste en Haute-Garonne\" \/>\n<meta property=\"og:description\" content=\"Nathalie Chaulaic Artiste Mosa\u00efste, La Miejeanne 31560 SAINT-LEON. Ce site web appartient \u00e0 Nathalie Chaulaic Artiste mosa\u00efste. SIRET 487 614 810 00017\" \/>\n<meta property=\"og:url\" content=\"https:\/\/www.nathaliechaulaic.com\/en\/mentions-legales\/\" \/>\n<meta property=\"og:site_name\" content=\"Nathalie Chaulaic\" \/>\n<meta property=\"article:modified_time\" content=\"2020-07-22T14:26:52+00:00\" \/>\n<meta name=\"twitter:card\" content=\"summary_large_image\" \/>\n<meta name=\"twitter:label1\" content=\"Estimated reading time\" \/>\n\t<meta name=\"twitter:data1\" content=\"5 minutes\" \/>\n<script type=\"application\/ld+json\" class=\"yoast-schema-graph\">{\"@context\":\"https:\/\/schema.org\",\"@graph\":[{\"@type\":\"WebPage\",\"@id\":\"https:\/\/www.nathaliechaulaic.com\/mentions-legales\/\",\"url\":\"https:\/\/www.nathaliechaulaic.com\/mentions-legales\/\",\"name\":\"Mentions L\u00e9gales | Nathalie Chaulaic, Artiste Mosa\u00efste en Haute-Garonne\",\"isPartOf\":{\"@id\":\"https:\/\/www.nathaliechaulaic.com\/#website\"},\"datePublished\":\"2020-05-27T13:54:30+00:00\",\"dateModified\":\"2020-07-22T14:26:52+00:00\",\"description\":\"Nathalie Chaulaic Artiste Mosa\u00efste, La Miejeanne 31560 SAINT-LEON. Ce site web appartient \u00e0 Nathalie Chaulaic Artiste mosa\u00efste. SIRET 487 614 810 00017\",\"breadcrumb\":{\"@id\":\"https:\/\/www.nathaliechaulaic.com\/mentions-legales\/#breadcrumb\"},\"inLanguage\":\"en-GB\",\"potentialAction\":[{\"@type\":\"ReadAction\",\"target\":[\"https:\/\/www.nathaliechaulaic.com\/mentions-legales\/\"]}]},{\"@type\":\"BreadcrumbList\",\"@id\":\"https:\/\/www.nathaliechaulaic.com\/mentions-legales\/#breadcrumb\",\"itemListElement\":[{\"@type\":\"ListItem\",\"position\":1,\"name\":\"Accueil\",\"item\":\"https:\/\/www.nathaliechaulaic.com\/\"},{\"@type\":\"ListItem\",\"position\":2,\"name\":\"Mentions l\u00e9gales\"}]},{\"@type\":\"WebSite\",\"@id\":\"https:\/\/www.nathaliechaulaic.com\/#website\",\"url\":\"https:\/\/www.nathaliechaulaic.com\/\",\"name\":\"Nathalie Chaulaic\",\"description\":\"\",\"potentialAction\":[{\"@type\":\"SearchAction\",\"target\":{\"@type\":\"EntryPoint\",\"urlTemplate\":\"https:\/\/www.nathaliechaulaic.com\/?s={search_term_string}\"},\"query-input\":{\"@type\":\"PropertyValueSpecification\",\"valueRequired\":true,\"valueName\":\"search_term_string\"}}],\"inLanguage\":\"en-GB\"}]}<\/script>\n<!-- \/ Yoast SEO plugin. -->","yoast_head_json":{"title":"Legal Notices | Nathalie Chaulaic, Mosaic Artist in Haute-Garonne","description":"Nathalie Chaulaic Mosaic Artist, La Miejeanne 31560 SAINT-LEON. The website is the property of Nathalie Chaulaic mosaic artist. SIRET 487 614 810 00017","robots":{"index":"index","follow":"follow","max-snippet":"max-snippet:-1","max-image-preview":"max-image-preview:large","max-video-preview":"max-video-preview:-1"},"canonical":"https:\/\/www.nathaliechaulaic.com\/en\/mentions-legales\/","og_locale":"en_GB","og_type":"article","og_title":"Mentions L\u00e9gales | Nathalie Chaulaic, Artiste Mosa\u00efste en Haute-Garonne","og_description":"Nathalie Chaulaic Artiste Mosa\u00efste, La Miejeanne 31560 SAINT-LEON. Ce site web appartient \u00e0 Nathalie Chaulaic Artiste mosa\u00efste. SIRET 487 614 810 00017","og_url":"https:\/\/www.nathaliechaulaic.com\/en\/mentions-legales\/","og_site_name":"Nathalie Chaulaic","article_modified_time":"2020-07-22T14:26:52+00:00","twitter_card":"summary_large_image","twitter_misc":{"Estimated reading time":"5 minutes"},"schema":{"@context":"https:\/\/schema.org","@graph":[{"@type":"WebPage","@id":"https:\/\/www.nathaliechaulaic.com\/mentions-legales\/","url":"https:\/\/www.nathaliechaulaic.com\/mentions-legales\/","name":"Legal Notices | Nathalie Chaulaic, Mosaic Artist in Haute-Garonne","isPartOf":{"@id":"https:\/\/www.nathaliechaulaic.com\/#website"},"datePublished":"2020-05-27T13:54:30+00:00","dateModified":"2020-07-22T14:26:52+00:00","description":"Nathalie Chaulaic Mosaic Artist, La Miejeanne 31560 SAINT-LEON. The website is the property of Nathalie Chaulaic mosaic artist. SIRET 487 614 810 00017","breadcrumb":{"@id":"https:\/\/www.nathaliechaulaic.com\/mentions-legales\/#breadcrumb"},"inLanguage":"en-GB","potentialAction":[{"@type":"ReadAction","target":["https:\/\/www.nathaliechaulaic.com\/mentions-legales\/"]}]},{"@type":"BreadcrumbList","@id":"https:\/\/www.nathaliechaulaic.com\/mentions-legales\/#breadcrumb","itemListElement":[{"@type":"ListItem","position":1,"name":"Accueil","item":"https:\/\/www.nathaliechaulaic.com\/"},{"@type":"ListItem","position":2,"name":"Mentions l\u00e9gales"}]},{"@type":"WebSite","@id":"https:\/\/www.nathaliechaulaic.com\/#website","url":"https:\/\/www.nathaliechaulaic.com\/","name":"Nathalie Chaulaic","description":"","potentialAction":[{"@type":"SearchAction","target":{"@type":"EntryPoint","urlTemplate":"https:\/\/www.nathaliechaulaic.com\/?s={search_term_string}"},"query-input":{"@type":"PropertyValueSpecification","valueRequired":true,"valueName":"search_term_string"}}],"inLanguage":"en-GB"}]}},"_links":{"self":[{"href":"https:\/\/www.nathaliechaulaic.com\/en\/wp-json\/wp\/v2\/pages\/1873","targetHints":{"allow":["GET"]}}],"collection":[{"href":"https:\/\/www.nathaliechaulaic.com\/en\/wp-json\/wp\/v2\/pages"}],"about":[{"href":"https:\/\/www.nathaliechaulaic.com\/en\/wp-json\/wp\/v2\/types\/page"}],"author":[{"embeddable":true,"href":"https:\/\/www.nathaliechaulaic.com\/en\/wp-json\/wp\/v2\/users\/1"}],"replies":[{"embeddable":true,"href":"https:\/\/www.nathaliechaulaic.com\/en\/wp-json\/wp\/v2\/comments?post=1873"}],"version-history":[{"count":11,"href":"https:\/\/www.nathaliechaulaic.com\/en\/wp-json\/wp\/v2\/pages\/1873\/revisions"}],"predecessor-version":[{"id":1879,"href":"https:\/\/www.nathaliechaulaic.com\/en\/wp-json\/wp\/v2\/pages\/1873\/revisions\/1879"}],"wp:attachment":[{"href":"https:\/\/www.nathaliechaulaic.com\/en\/wp-json\/wp\/v2\/media?parent=1873"}],"curies":[{"name":"wp","href":"https:\/\/api.w.org\/{rel}","templated":true}]}}